{"id":268,"date":"2019-02-05T11:41:40","date_gmt":"2019-02-05T10:41:40","guid":{"rendered":"http:\/\/dev.marco-werner.de\/impressum\/"},"modified":"2021-05-18T11:54:14","modified_gmt":"2021-05-18T09:54:14","slug":"imprint","status":"publish","type":"page","link":"https:\/\/marco-werner.de\/en\/imprint\/","title":{"rendered":"Imprint"},"content":{"rendered":"<section class=\"l-section wpb_row height_medium\"><div class=\"l-section-h i-cf\"><div class=\"g-cols vc_row via_flex valign_top type_default stacking_default\"><div class=\"vc_col-sm-12 wpb_column vc_column_container\"><div class=\"vc_column-inner\"><div class=\"wpb_wrapper\">[vc_custom_heading text=&#8221;Imprint&#8221; font_container=&#8221;tag:h1|text_align:left&#8221; use_theme_fonts=&#8221;yes&#8221; el_class=&#8221;headline-custom&#8221;]<div class=\"w-separator size_small\"><\/div><div class=\"wpb_text_column\"><div class=\"wpb_wrapper\"><h2>Angaben gem\u00e4\u00df \u00a7 5 TMG<\/h2>\n<p>SPEED.up GmbH<br \/>\nMarco Werner<br \/>\nAuf dem Berg 1<br \/>\n82729 Ermatingen<br \/>\nSchweiz<\/p>\n<p><strong>Vertreten durch:<\/strong><br \/>\nMarco Werner<\/p>\n<p><strong>Kontakt:<\/strong><br \/>\nTelefon: +49 (0) 7263 9182760<br \/>\nE-Mail: marco-werner@bluewin.ch<\/p>\n<p><strong>Steuernummer (CH):<\/strong><br \/>\n26781<\/p>\n<p><strong>Verantwortlich f\u00fcr den Inhalt nach \u00a7 55 Abs. 2 RStV:<\/strong><br \/>\nSPEED.up GmbH<br \/>\nMarco Werner<br \/>\nAuf dem Berg 1<br \/>\n82729 Ermatingen<br \/>\nSchweiz<\/p>\n<h2>Haftungsausschluss:<\/h2>\n<p><strong>Haftung f\u00fcr Inhalte<\/strong><\/p>\n<p>Die Inhalte unserer Seiten wurden mit gr\u00f6\u00dfter Sorgfalt erstellt. F\u00fcr die Richtigkeit, Vollst\u00e4ndigkeit und Aktualit\u00e4t der Inhalte k\u00f6nnen wir jedoch keine Gew\u00e4hr \u00fcbernehmen. Als Diensteanbieter sind wir gem\u00e4\u00df \u00a7 7 Abs.1 TMG f\u00fcr eigene Inhalte auf diesen Seiten nach den allgemeinen Gesetzen verantwortlich. Nach \u00a7\u00a7 8 bis 10 TMG sind wir als Diensteanbieter jedoch nicht verpflichtet, \u00fcbermittelte oder gespeicherte fremde Informationen zu \u00fcberwachen oder nach Umst\u00e4nden zu forschen, die auf eine rechtswidrige T\u00e4tigkeit hinweisen. Verpflichtungen zur Entfernung oder Sperrung der Nutzung von Informationen nach den allgemeinen Gesetzen bleiben hiervon unber\u00fchrt. Eine diesbez\u00fcgliche Haftung ist jedoch erst ab dem Zeitpunkt der Kenntnis einer konkreten Rechtsverletzung m\u00f6glich. Bei Bekanntwerden von entsprechenden Rechtsverletzungen werden wir diese Inhalte umgehend entfernen.<\/p>\n<p><strong>Haftung f\u00fcr Links<\/strong><\/p>\n<p>Unser Angebot enth\u00e4lt Links zu externen Webseiten Dritter, auf deren Inhalte wir keinen Einfluss haben. Deshalb k\u00f6nnen wir f\u00fcr diese fremden Inhalte auch keine Gew\u00e4hr \u00fcbernehmen. F\u00fcr die Inhalte der verlinkten Seiten ist stets der jeweilige Anbieter oder Betreiber der Seiten verantwortlich. Die verlinkten Seiten wurden zum Zeitpunkt der Verlinkung auf m\u00f6gliche Rechtsverst\u00f6\u00dfe \u00fcberpr\u00fcft. Rechtswidrige Inhalte waren zum Zeitpunkt der Verlinkung nicht erkennbar. Eine permanente inhaltliche Kontrolle der verlinkten Seiten ist jedoch ohne konkrete Anhaltspunkte einer Rechtsverletzung nicht zumutbar. Bei Bekanntwerden von Rechtsverletzungen werden wir derartige Links umgehend entfernen.<\/p>\n<p><strong>Urheberrecht<\/strong><\/p>\n<p>Die durch die Seitenbetreiber erstellten Inhalte und Werke auf diesen Seiten unterliegen dem deutschen Urheberrecht. Die Vervielf\u00e4ltigung, Bearbeitung, Verbreitung und jede Art der Verwertung au\u00dferhalb der Grenzen des Urheberrechtes bed\u00fcrfen der schriftlichen Zustimmung des jeweiligen Autors bzw. Erstellers. Downloads und Kopien dieser Seite sind nur f\u00fcr den privaten, nicht kommerziellen Gebrauch gestattet. Soweit die Inhalte auf dieser Seite nicht vom Betreiber erstellt wurden, werden die Urheberrechte Dritter beachtet. Insbesondere werden Inhalte Dritter als solche gekennzeichnet. Sollten Sie trotzdem auf eine Urheberrechtsverletzung aufmerksam werden, bitten wir um einen entsprechenden Hinweis. Bei Bekanntwerden von Rechtsverletzungen werden wir derartige Inhalte umgehend entfernen.<\/p>\n<p><em>Website Impressum von impressum-generator.de<\/em><\/p>\n<\/div><\/div><\/div><\/div><\/div><\/div><\/div><\/section>\n","protected":false},"excerpt":{"rendered":"[vc_custom_heading text=\"Imprint\" font_container=\"tag:h1|text_align:left\" use_theme_fonts=\"yes\" el_class=\"headline-custom\"]Angaben gem\u00e4\u00df \u00a7 5 TMG SPEED.up GmbH Marco Werner Auf dem Berg 1 82729 Ermatingen Schweiz Vertreten durch: Marco Werner Kontakt: Telefon: +49 (0) 7263 9182760 E-Mail: marco-werner@bluewin.ch Steuernummer (CH): 26781 Verantwortlich f\u00fcr den Inhalt nach \u00a7 55 Abs. 2 RStV: SPEED.up GmbH Marco Werner Auf dem Berg 1 82729 Ermatingen...","protected":false},"author":1,"featured_media":0,"parent":0,"menu_order":0,"comment_status":"closed","ping_status":"closed","template":"","meta":{"footnotes":""},"class_list":["post-268","page","type-page","status-publish","hentry"],"yoast_head":"<!-- This site is optimized with the Yoast SEO plugin v27.3 - https:\/\/yoast.com\/product\/yoast-seo-wordpress\/ -->\n<title>Imprint - Marco Werner<\/title>\n<meta name=\"robots\" content=\"index, follow, max-snippet:-1, max-image-preview:large, max-video-preview:-1\" \/>\n<link rel=\"canonical\" href=\"https:\/\/marco-werner.de\/en\/imprint\/\" \/>\n<meta property=\"og:locale\" content=\"en_US\" \/>\n<meta property=\"og:type\" content=\"article\" \/>\n<meta property=\"og:title\" content=\"Imprint - Marco Werner\" \/>\n<meta property=\"og:url\" content=\"https:\/\/marco-werner.de\/en\/imprint\/\" \/>\n<meta property=\"og:site_name\" content=\"Marco Werner\" \/>\n<meta property=\"article:publisher\" content=\"https:\/\/www.facebook.com\/marco.werner.3557\" \/>\n<meta property=\"article:modified_time\" content=\"2021-05-18T09:54:14+00:00\" \/>\n<meta property=\"og:image\" content=\"https:\/\/marco-werner.de\/wp-content\/uploads\/2019\/02\/header.jpg\" \/>\n\t<meta property=\"og:image:width\" content=\"1920\" \/>\n\t<meta property=\"og:image:height\" content=\"796\" \/>\n\t<meta property=\"og:image:type\" content=\"image\/jpeg\" \/>\n<meta name=\"twitter:card\" content=\"summary_large_image\" \/>\n<meta name=\"twitter:label1\" content=\"Est. reading time\" \/>\n\t<meta name=\"twitter:data1\" content=\"2 minutes\" \/>\n<script type=\"application\/ld+json\" class=\"yoast-schema-graph\">{\"@context\":\"https:\\\/\\\/schema.org\",\"@graph\":[{\"@type\":\"WebPage\",\"@id\":\"https:\\\/\\\/marco-werner.de\\\/en\\\/imprint\\\/\",\"url\":\"https:\\\/\\\/marco-werner.de\\\/en\\\/imprint\\\/\",\"name\":\"Imprint - Marco Werner\",\"isPartOf\":{\"@id\":\"https:\\\/\\\/marco-werner.de\\\/#website\"},\"datePublished\":\"2019-02-05T10:41:40+00:00\",\"dateModified\":\"2021-05-18T09:54:14+00:00\",\"breadcrumb\":{\"@id\":\"https:\\\/\\\/marco-werner.de\\\/en\\\/imprint\\\/#breadcrumb\"},\"inLanguage\":\"en-US\",\"potentialAction\":[{\"@type\":\"ReadAction\",\"target\":[\"https:\\\/\\\/marco-werner.de\\\/en\\\/imprint\\\/\"]}]},{\"@type\":\"BreadcrumbList\",\"@id\":\"https:\\\/\\\/marco-werner.de\\\/en\\\/imprint\\\/#breadcrumb\",\"itemListElement\":[{\"@type\":\"ListItem\",\"position\":1,\"name\":\"Start\",\"item\":\"https:\\\/\\\/marco-werner.de\\\/en\\\/\"},{\"@type\":\"ListItem\",\"position\":2,\"name\":\"Imprint\"}]},{\"@type\":\"WebSite\",\"@id\":\"https:\\\/\\\/marco-werner.de\\\/#website\",\"url\":\"https:\\\/\\\/marco-werner.de\\\/\",\"name\":\"Marco Werner\",\"description\":\"\",\"potentialAction\":[{\"@type\":\"SearchAction\",\"target\":{\"@type\":\"EntryPoint\",\"urlTemplate\":\"https:\\\/\\\/marco-werner.de\\\/?s={search_term_string}\"},\"query-input\":{\"@type\":\"PropertyValueSpecification\",\"valueRequired\":true,\"valueName\":\"search_term_string\"}}],\"inLanguage\":\"en-US\"}]}<\/script>\n<!-- \/ Yoast SEO plugin. -->","yoast_head_json":{"title":"Imprint - Marco Werner","robots":{"index":"index","follow":"follow","max-snippet":"max-snippet:-1","max-image-preview":"max-image-preview:large","max-video-preview":"max-video-preview:-1"},"canonical":"https:\/\/marco-werner.de\/en\/imprint\/","og_locale":"en_US","og_type":"article","og_title":"Imprint - Marco Werner","og_url":"https:\/\/marco-werner.de\/en\/imprint\/","og_site_name":"Marco Werner","article_publisher":"https:\/\/www.facebook.com\/marco.werner.3557","article_modified_time":"2021-05-18T09:54:14+00:00","og_image":[{"width":1920,"height":796,"url":"https:\/\/marco-werner.de\/wp-content\/uploads\/2019\/02\/header.jpg","type":"image\/jpeg"}],"twitter_card":"summary_large_image","twitter_misc":{"Est. reading time":"2 minutes"},"schema":{"@context":"https:\/\/schema.org","@graph":[{"@type":"WebPage","@id":"https:\/\/marco-werner.de\/en\/imprint\/","url":"https:\/\/marco-werner.de\/en\/imprint\/","name":"Imprint - Marco Werner","isPartOf":{"@id":"https:\/\/marco-werner.de\/#website"},"datePublished":"2019-02-05T10:41:40+00:00","dateModified":"2021-05-18T09:54:14+00:00","breadcrumb":{"@id":"https:\/\/marco-werner.de\/en\/imprint\/#breadcrumb"},"inLanguage":"en-US","potentialAction":[{"@type":"ReadAction","target":["https:\/\/marco-werner.de\/en\/imprint\/"]}]},{"@type":"BreadcrumbList","@id":"https:\/\/marco-werner.de\/en\/imprint\/#breadcrumb","itemListElement":[{"@type":"ListItem","position":1,"name":"Start","item":"https:\/\/marco-werner.de\/en\/"},{"@type":"ListItem","position":2,"name":"Imprint"}]},{"@type":"WebSite","@id":"https:\/\/marco-werner.de\/#website","url":"https:\/\/marco-werner.de\/","name":"Marco Werner","description":"","potentialAction":[{"@type":"SearchAction","target":{"@type":"EntryPoint","urlTemplate":"https:\/\/marco-werner.de\/?s={search_term_string}"},"query-input":{"@type":"PropertyValueSpecification","valueRequired":true,"valueName":"search_term_string"}}],"inLanguage":"en-US"}]}},"_links":{"self":[{"href":"https:\/\/marco-werner.de\/en\/wp-json\/wp\/v2\/pages\/268","targetHints":{"allow":["GET"]}}],"collection":[{"href":"https:\/\/marco-werner.de\/en\/wp-json\/wp\/v2\/pages"}],"about":[{"href":"https:\/\/marco-werner.de\/en\/wp-json\/wp\/v2\/types\/page"}],"author":[{"embeddable":true,"href":"https:\/\/marco-werner.de\/en\/wp-json\/wp\/v2\/users\/1"}],"replies":[{"embeddable":true,"href":"https:\/\/marco-werner.de\/en\/wp-json\/wp\/v2\/comments?post=268"}],"version-history":[{"count":6,"href":"https:\/\/marco-werner.de\/en\/wp-json\/wp\/v2\/pages\/268\/revisions"}],"predecessor-version":[{"id":1668,"href":"https:\/\/marco-werner.de\/en\/wp-json\/wp\/v2\/pages\/268\/revisions\/1668"}],"wp:attachment":[{"href":"https:\/\/marco-werner.de\/en\/wp-json\/wp\/v2\/media?parent=268"}],"curies":[{"name":"wp","href":"https:\/\/api.w.org\/{rel}","templated":true}]}}